{"id":30,"date":"2023-06-06T06:16:39","date_gmt":"2023-06-06T06:16:39","guid":{"rendered":"https:\/\/schody-prondzinski.pl\/?page_id=30"},"modified":"2023-07-13T09:48:38","modified_gmt":"2023-07-13T09:48:38","slug":"informacje","status":"publish","type":"page","link":"https:\/\/schody-prondzinski.pl\/?page_id=30","title":{"rendered":"O nas"},"content":{"rendered":"\n<div class=\"wp-block-columns alignwide is-layout-flex wp-container-core-columns-layout-2 wp-block-columns-is-layout-flex\">\n<div class=\"wp-block-column is-layout-flow wp-block-column-is-layout-flow\">\n<div class=\"wp-block-columns alignwide is-layout-flex wp-container-core-columns-layout-1 wp-block-columns-is-layout-flex\">\n<div class=\"wp-block-column is-layout-flow wp-block-column-is-layout-flow\">\n<div class=\"wp-block-kevinbatdorf-animate-in-view\" animatein=\"animate-in-view\" enabled=\"1\" once=\"1\" direction=\"-1\" threshold=\"1\" timing=\"1\" offset=\"2rem\">\n<p class=\"has-text-color\" style=\"color:#000000;font-size:5vw;line-height:1.1\"><strong>Co\u015b wi\u0119cej o nas&#8230;<\/strong><\/p>\n<\/div>\n\n\n\n<div style=\"height:5px\" aria-hidden=\"true\" class=\"wp-block-spacer\"><\/div>\n<\/div>\n<\/div>\n\n\n\n<div style=\"height:5px\" aria-hidden=\"true\" class=\"wp-block-spacer\"><\/div>\n<\/div>\n<\/div>\n\n\n\n<div class=\"wp-block-columns alignwide is-layout-flex wp-container-core-columns-layout-3 wp-block-columns-is-layout-flex\">\n<div class=\"wp-block-column is-vertically-aligned-center is-layout-flow wp-block-column-is-layout-flow\" style=\"flex-basis:33%\">\n<p class=\"has-text-color has-extra-small-font-size\" style=\"color:#000000\">Oferujemy kompleksow\u0105 us\u0142ug\u0119 budowy schod\u00f3w prostych, zabiegowych, kr\u0119conych, spiralnych oraz obk\u0142adanych na beton. Bazujemy na d\u0119bie, jesionie, so\u015bnie i buku najlepszej jako\u015bci. Zapraszamy do skorzystania z naszej darmowej us\u0142ugi wykonania pomiaru i wyceny.<\/p>\n<\/div>\n\n\n\n<div class=\"wp-block-column is-layout-flow wp-block-column-is-layout-flow\" style=\"flex-basis:67%\">\n<figure class=\"wp-block-image alignright size-large\"><img loading=\"lazy\" decoding=\"async\" width=\"1024\" height=\"1024\" src=\"https:\/\/schody-prondzinski.pl\/wp-content\/uploads\/2023\/06\/replicate-prediction-g57dz6ub4rbe7ic2vhuwl4jtnq1-1024x1024.png\" alt=\"\" class=\"wp-image-248\" srcset=\"https:\/\/schody-prondzinski.pl\/wp-content\/uploads\/2023\/06\/replicate-prediction-g57dz6ub4rbe7ic2vhuwl4jtnq1-1024x1024.png 1024w, https:\/\/schody-prondzinski.pl\/wp-content\/uploads\/2023\/06\/replicate-prediction-g57dz6ub4rbe7ic2vhuwl4jtnq1-300x300.png 300w, https:\/\/schody-prondzinski.pl\/wp-content\/uploads\/2023\/06\/replicate-prediction-g57dz6ub4rbe7ic2vhuwl4jtnq1-150x150.png 150w, https:\/\/schody-prondzinski.pl\/wp-content\/uploads\/2023\/06\/replicate-prediction-g57dz6ub4rbe7ic2vhuwl4jtnq1-768x768.png 768w, https:\/\/schody-prondzinski.pl\/wp-content\/uploads\/2023\/06\/replicate-prediction-g57dz6ub4rbe7ic2vhuwl4jtnq1-1536x1536.png 1536w, https:\/\/schody-prondzinski.pl\/wp-content\/uploads\/2023\/06\/replicate-prediction-g57dz6ub4rbe7ic2vhuwl4jtnq1-2048x2048.png 2048w\" sizes=\"(max-width: 1024px) 100vw, 1024px\" \/><\/figure>\n<\/div>\n<\/div>\n","protected":false},"excerpt":{"rendered":"<p>Oferujemy kompleksow\u0105 us\u0142ug\u0119 budowy schod\u00f3w prostych, zabiegowych, kr\u0119conych, spiralnych oraz obk\u0142adanych na beton. Bazujemy na d\u0119bie, jesionie, so\u015bnie i buku najlepszej jako\u015bci. Zapraszamy do skorzystania z naszej darmowej us\u0142ugi wykonania pomiaru i wyceny.<\/p>\n","protected":false},"author":1,"featured_media":0,"parent":0,"menu_order":0,"comment_status":"closed","ping_status":"closed","template":"","meta":{"_eb_attr":"","footnotes":""},"_links":{"self":[{"href":"https:\/\/schody-prondzinski.pl\/index.php?rest_route=\/wp\/v2\/pages\/30"}],"collection":[{"href":"https:\/\/schody-prondzinski.pl\/index.php?rest_route=\/wp\/v2\/pages"}],"about":[{"href":"https:\/\/schody-prondzinski.pl\/index.php?rest_route=\/wp\/v2\/types\/page"}],"author":[{"embeddable":true,"href":"https:\/\/schody-prondzinski.pl\/index.php?rest_route=\/wp\/v2\/users\/1"}],"replies":[{"embeddable":true,"href":"https:\/\/schody-prondzinski.pl\/index.php?rest_route=%2Fwp%2Fv2%2Fcomments&post=30"}],"version-history":[{"count":22,"href":"https:\/\/schody-prondzinski.pl\/index.php?rest_route=\/wp\/v2\/pages\/30\/revisions"}],"predecessor-version":[{"id":415,"href":"https:\/\/schody-prondzinski.pl\/index.php?rest_route=\/wp\/v2\/pages\/30\/revisions\/415"}],"wp:attachment":[{"href":"https:\/\/schody-prondzinski.pl\/index.php?rest_route=%2Fwp%2Fv2%2Fmedia&parent=30"}],"curies":[{"name":"wp","href":"https:\/\/api.w.org\/{rel}","templated":true}]}}